{"id":37,"date":"2014-05-06T21:33:48","date_gmt":"2014-05-06T19:33:48","guid":{"rendered":"http:\/\/dpsg-bommern.de\/blog\/?page_id=37"},"modified":"2024-04-28T23:15:31","modified_gmt":"2024-04-28T21:15:31","slug":"impressum","status":"publish","type":"page","link":"https:\/\/www.dpsg-bommern.de\/blog\/impressum\/","title":{"rendered":"Impressum"},"content":{"rendered":"<p><strong>dpsg-bommern.de<\/strong> ist die Website des Stammes DPSG Herz-Jesu Witten-Bommern (Stammesnummer 16\/02\/18).<\/p>\n<h3><strong>Kontakt:<\/strong><\/h3>\n<p>Der Stamm ist \u00fcber den Vorstand zu erreichen:<\/p>\n<p><em>Vorsitzender<\/em><br \/>\nSami Razzoume<br \/>\n<a href=\"mailto:sami@dpsg-bommern.de\">sami@dpsg-bommern.de<\/a><\/p>\n<p><em>Vorsitzender<br \/>\n<\/em>Lasse Thoma<em><br \/>\n<\/em><a href=\"mailto:lasse@dpsg-bommern.de\">lasse@dpsg-bommern.de<\/a><em><br \/>\n<\/em><\/p>\n<p><em>Kurat<\/em><br \/>\nOskar Kurz<br \/>\n<a href=\"mailto:oskar@dpsg-bommern.de \">oskar@dpsg-bommern.de<\/a><\/p>\n<h3>V.i.S.d.P. ist der Stammesvorstand.<\/h3>\n<h3>Urheberrecht<\/h3>\n<p>Der Inhalt dieser Homepage (inkl. Fotos, Grafiken &amp; Layout) ist nach dem deutschen Urheberrecht gesch\u00fctzt. Ohne Einverst\u00e4ndnis ist jegliche Ver\u00f6ffentlichung unzuzul\u00e4ssig (\u00a7 17 UrhG) &#8211; ein Verstoss ist strafbar! Namentlich gekennzeichnete Beitr\u00e4ge geben nicht unbedingt die Meinung der Stammesleitung wieder. Copyright und Verantwortung liegen ausschliesslich bei den jeweiligen Autoren.<\/p>\n<p>Nach \u00a7 28 Abs.3 Bundesdatenschutzgesetz widersprechen wir dar\u00fcber hinaus der Nutzung unserer Daten f\u00fcr Werbezwecke oder f\u00fcr die Markt- und Meinungsforschung.<\/p>\n<p>Icons und Grafiken auf diesen Seiten sind geistiges Eigentum von Oskar Kurz und Reinhard Zwirnmann und d\u00fcrfen in keinem Fall ohne vorherige Absprache mit dem Eigent\u00fcmer kopiert, gespeichert oder f\u00fcr eigene Zwecke verwandt werden. F\u00fcr stammesinterne Zwecke sind sie zur Nutzung freigegeben.<\/p>\n<h3>Haftungsausschluss<\/h3>\n<p>Mit dem Urteil vom 12.September 1999 &#8211; 312 O 85\/99 &#8211; &#8222;Haftung f\u00fcr Links&#8220; hat das Landgericht Hamburg entschieden, dass man durch die Anbringung eines Links die Inhalte der gelinkten Seite ggf. mit zu verantworten hat. Dies kann &#8211; so das LG &#8211; nur dadurch verhindert werden, dass man sich ausdr\u00fccklich von diesen Inhalten distanziert. Hiermit distanziert sich der Stamm DPSG Herz-Jesu Witten-Bommern ausdr\u00fccklich von den Inhalten aller gelinkten Seiten, diese Erkl\u00e4rung gilt f\u00fcr alle auf diesen Webseiten angebrachten Links.<\/p>\n<h3>Weitere rechtliche Hinweise<\/h3>\n<p>Die Nennung von Firmen- und Markennamen erfolgt ohne Pr\u00fcfung etwaiger Rechte Dritter. Aus einem fehlenden Markenschutz- oder Copyrighthinweis kann insbesondere nicht der Schluss gezogen werden, diese Namen und\/oder Bezeichnungen seien frei von Rechten Dritter.<br \/>\nF\u00fcr Kommentare, die von Besuchern auf dpsg-bommern.de vorgenommen werden, \u00fcbernimmt die Stammesleitung grunds\u00e4tzlich keine Haftung.<\/p>\n<h3>Anreise und Lageplan<\/h3>\n<p>Anschrift: Kapellenstra\u00dfe 5, 58452 Witten<\/p>\n<p>Bei einem Klick auf den Pin in der Karte \u00f6ffnet sich ein <a href=\"https:\/\/www.openstreetmap.org\/directions?engine=fossgis_osrm_bike&amp;to=Kapellenstra%C3%9Fe%205,witten#map=14\/51.4201\/7.3372\">Routenplaner<\/a> im neuen Tab.<\/p>\n<style type=\"text\/css\" id=\"umsMapStyles_1_61235\">\r\n    #ultimate_maps_1_61235 {\r\n        width: 100%;\r\n        height: 500px;\r\n                border: 0px solid ;\r\n        margin: 0px;\r\n    }\r\n    #mapsControlsNum_1_61235 {\r\n        width:100%    }\r\n    .umsMapDetailsContainer#umsMapDetailsContainer_1_61235 {\r\n        height:500px;\r\n    }\r\n    .ums_MapPreview#ultimate_maps_1_61235 {\r\n        \/*position:absolute;*\/\r\n        width:100%;\r\n    }\r\n    #mapConElem_1_61235{\r\n        width:100%    }\r\n    <\/style><div class=\"ums_map_opts\" id=\"mapConElem_1_61235\" data-id=\"1\" data-view-id=\"1_61235\" > <div class=\"umsMapDetailsContainer\" id=\"umsMapDetailsContainer_1_61235\"> <i class=\"umsKMLLayersPreloader fa fa-spinner fa-spin\" aria-hidden=\"true\" style=\"display: none;\"><\/i> <div class=\"ums_MapPreview \" id=\"ultimate_maps_1_61235\"><\/div> <\/div> <div class=\"umsMapMarkerFilters\" id=\"umsMapMarkerFilters_1_61235\"> <\/div> <div class=\"umsMapProControlsCon\" id=\"umsMapProControlsCon_1_61235\"> <a title=\"WordPress Google Maps\" style=\"display:none;\" href=\"https:\/\/supsystic.com\/plugins\/google-maps-plugin\/?utm_medium=love_link_hide\" target=\"_blank\">WordPress Google Maps<\/a><div style=\"clear: both;\"><\/div> <\/div> <div class=\"umsMapProDirectionsCon\" id=\"umsMapProDirectionsCon_1_61235\" > <\/div> <div class=\"umsMapProKmlFilterCon\" id=\"umsMapProKmlFilterCon_1_61235\" > <\/div> <div class=\"umsSocialSharingShell umsSocialSharingShell_1_61235\"> <\/div> <div style=\"clear: both;\"><\/div> <\/div>\n","protected":false},"excerpt":{"rendered":"<p>dpsg-bommern.de ist die Website des Stammes DPSG Herz-Jesu Witten-Bommern (Stammesnummer 16\/02\/18). Kontakt: Der Stamm ist \u00fcber den Vorstand zu erreichen: Vorsitzender Sami Razzoume sami@dpsg-bommern.de Vorsitzender Lasse Thoma lasse@dpsg-bommern.de Kurat Oskar Kurz oskar@dpsg-bommern.de V.i.S.d.P. ist&#46;&#46;&#46;<\/p>\n","protected":false},"author":4,"featured_media":0,"parent":0,"menu_order":4,"comment_status":"open","ping_status":"open","template":"","meta":{"ngg_post_thumbnail":0,"footnotes":""},"class_list":["post-37","page","type-page","status-publish","hentry"],"yoast_head":"<!-- This site is optimized with the Yoast SEO plugin v27.4 - https:\/\/yoast.com\/product\/yoast-seo-wordpress\/ -->\n<title>Impressum &#171; DPSG Stamm Herz-Jesu Witten-Bommern<\/title>\n<meta name=\"robots\" content=\"index, follow, max-snippet:-1, max-image-preview:large, max-video-preview:-1\" \/>\n<link rel=\"canonical\" href=\"https:\/\/www.dpsg-bommern.de\/blog\/impressum\/\" \/>\n<meta property=\"og:locale\" content=\"de_DE\" \/>\n<meta property=\"og:type\" content=\"article\" \/>\n<meta property=\"og:title\" content=\"Impressum &#171; DPSG Stamm Herz-Jesu Witten-Bommern\" \/>\n<meta property=\"og:description\" content=\"dpsg-bommern.de ist die Website des Stammes DPSG Herz-Jesu Witten-Bommern (Stammesnummer 16\/02\/18). Kontakt: Der Stamm ist \u00fcber den Vorstand zu erreichen: Vorsitzender Sami Razzoume sami@dpsg-bommern.de Vorsitzender Lasse Thoma lasse@dpsg-bommern.de Kurat Oskar Kurz oskar@dpsg-bommern.de V.i.S.d.P. ist&#046;&#046;&#046;\" \/>\n<meta property=\"og:url\" content=\"https:\/\/www.dpsg-bommern.de\/blog\/impressum\/\" \/>\n<meta property=\"og:site_name\" content=\"DPSG Stamm Herz-Jesu Witten-Bommern\" \/>\n<meta property=\"article:publisher\" content=\"https:\/\/www.facebook.com\/dpsgwittenbommern\" \/>\n<meta property=\"article:modified_time\" content=\"2024-04-28T21:15:31+00:00\" \/>\n<meta name=\"twitter:label1\" content=\"Gesch\u00e4tzte Lesezeit\" \/>\n\t<meta name=\"twitter:data1\" content=\"2\u00a0Minuten\" \/>\n<script type=\"application\/ld+json\" class=\"yoast-schema-graph\">{\"@context\":\"https:\\\/\\\/schema.org\",\"@graph\":[{\"@type\":\"WebPage\",\"@id\":\"https:\\\/\\\/www.dpsg-bommern.de\\\/blog\\\/impressum\\\/\",\"url\":\"https:\\\/\\\/www.dpsg-bommern.de\\\/blog\\\/impressum\\\/\",\"name\":\"Impressum &#171; DPSG Stamm Herz-Jesu Witten-Bommern\",\"isPartOf\":{\"@id\":\"https:\\\/\\\/www.dpsg-bommern.de\\\/blog\\\/#website\"},\"datePublished\":\"2014-05-06T19:33:48+00:00\",\"dateModified\":\"2024-04-28T21:15:31+00:00\",\"breadcrumb\":{\"@id\":\"https:\\\/\\\/www.dpsg-bommern.de\\\/blog\\\/impressum\\\/#breadcrumb\"},\"inLanguage\":\"de\",\"potentialAction\":[{\"@type\":\"ReadAction\",\"target\":[\"https:\\\/\\\/www.dpsg-bommern.de\\\/blog\\\/impressum\\\/\"]}]},{\"@type\":\"BreadcrumbList\",\"@id\":\"https:\\\/\\\/www.dpsg-bommern.de\\\/blog\\\/impressum\\\/#breadcrumb\",\"itemListElement\":[{\"@type\":\"ListItem\",\"position\":1,\"name\":\"Home\",\"item\":\"https:\\\/\\\/www.dpsg-bommern.de\\\/blog\\\/\"},{\"@type\":\"ListItem\",\"position\":2,\"name\":\"Impressum\"}]},{\"@type\":\"WebSite\",\"@id\":\"https:\\\/\\\/www.dpsg-bommern.de\\\/blog\\\/#website\",\"url\":\"https:\\\/\\\/www.dpsg-bommern.de\\\/blog\\\/\",\"name\":\"DPSG Stamm Herz-Jesu Witten-Bommern\",\"description\":\"Pfadfinden: Abenteuer und mehr\",\"publisher\":{\"@id\":\"https:\\\/\\\/www.dpsg-bommern.de\\\/blog\\\/#organization\"},\"potentialAction\":[{\"@type\":\"SearchAction\",\"target\":{\"@type\":\"EntryPoint\",\"urlTemplate\":\"https:\\\/\\\/www.dpsg-bommern.de\\\/blog\\\/?s={search_term_string}\"},\"query-input\":{\"@type\":\"PropertyValueSpecification\",\"valueRequired\":true,\"valueName\":\"search_term_string\"}}],\"inLanguage\":\"de\"},{\"@type\":\"Organization\",\"@id\":\"https:\\\/\\\/www.dpsg-bommern.de\\\/blog\\\/#organization\",\"name\":\"DPSG Stamm Herz-Jesu Witten-Bommern\",\"url\":\"https:\\\/\\\/www.dpsg-bommern.de\\\/blog\\\/\",\"logo\":{\"@type\":\"ImageObject\",\"inLanguage\":\"de\",\"@id\":\"https:\\\/\\\/www.dpsg-bommern.de\\\/blog\\\/#\\\/schema\\\/logo\\\/image\\\/\",\"url\":\"\",\"contentUrl\":\"\",\"caption\":\"DPSG Stamm Herz-Jesu Witten-Bommern\"},\"image\":{\"@id\":\"https:\\\/\\\/www.dpsg-bommern.de\\\/blog\\\/#\\\/schema\\\/logo\\\/image\\\/\"},\"sameAs\":[\"https:\\\/\\\/www.facebook.com\\\/dpsgwittenbommern\",\"https:\\\/\\\/x.com\\\/dpsgBommern\"]}]}<\/script>\n<!-- \/ Yoast SEO plugin. -->","yoast_head_json":{"title":"Impressum &#171; DPSG Stamm Herz-Jesu Witten-Bommern","robots":{"index":"index","follow":"follow","max-snippet":"max-snippet:-1","max-image-preview":"max-image-preview:large","max-video-preview":"max-video-preview:-1"},"canonical":"https:\/\/www.dpsg-bommern.de\/blog\/impressum\/","og_locale":"de_DE","og_type":"article","og_title":"Impressum &#171; DPSG Stamm Herz-Jesu Witten-Bommern","og_description":"dpsg-bommern.de ist die Website des Stammes DPSG Herz-Jesu Witten-Bommern (Stammesnummer 16\/02\/18). Kontakt: Der Stamm ist \u00fcber den Vorstand zu erreichen: Vorsitzender Sami Razzoume sami@dpsg-bommern.de Vorsitzender Lasse Thoma lasse@dpsg-bommern.de Kurat Oskar Kurz oskar@dpsg-bommern.de V.i.S.d.P. ist&#46;&#46;&#46;","og_url":"https:\/\/www.dpsg-bommern.de\/blog\/impressum\/","og_site_name":"DPSG Stamm Herz-Jesu Witten-Bommern","article_publisher":"https:\/\/www.facebook.com\/dpsgwittenbommern","article_modified_time":"2024-04-28T21:15:31+00:00","twitter_misc":{"Gesch\u00e4tzte Lesezeit":"2\u00a0Minuten"},"schema":{"@context":"https:\/\/schema.org","@graph":[{"@type":"WebPage","@id":"https:\/\/www.dpsg-bommern.de\/blog\/impressum\/","url":"https:\/\/www.dpsg-bommern.de\/blog\/impressum\/","name":"Impressum &#171; DPSG Stamm Herz-Jesu Witten-Bommern","isPartOf":{"@id":"https:\/\/www.dpsg-bommern.de\/blog\/#website"},"datePublished":"2014-05-06T19:33:48+00:00","dateModified":"2024-04-28T21:15:31+00:00","breadcrumb":{"@id":"https:\/\/www.dpsg-bommern.de\/blog\/impressum\/#breadcrumb"},"inLanguage":"de","potentialAction":[{"@type":"ReadAction","target":["https:\/\/www.dpsg-bommern.de\/blog\/impressum\/"]}]},{"@type":"BreadcrumbList","@id":"https:\/\/www.dpsg-bommern.de\/blog\/impressum\/#breadcrumb","itemListElement":[{"@type":"ListItem","position":1,"name":"Home","item":"https:\/\/www.dpsg-bommern.de\/blog\/"},{"@type":"ListItem","position":2,"name":"Impressum"}]},{"@type":"WebSite","@id":"https:\/\/www.dpsg-bommern.de\/blog\/#website","url":"https:\/\/www.dpsg-bommern.de\/blog\/","name":"DPSG Stamm Herz-Jesu Witten-Bommern","description":"Pfadfinden: Abenteuer und mehr","publisher":{"@id":"https:\/\/www.dpsg-bommern.de\/blog\/#organization"},"potentialAction":[{"@type":"SearchAction","target":{"@type":"EntryPoint","urlTemplate":"https:\/\/www.dpsg-bommern.de\/blog\/?s={search_term_string}"},"query-input":{"@type":"PropertyValueSpecification","valueRequired":true,"valueName":"search_term_string"}}],"inLanguage":"de"},{"@type":"Organization","@id":"https:\/\/www.dpsg-bommern.de\/blog\/#organization","name":"DPSG Stamm Herz-Jesu Witten-Bommern","url":"https:\/\/www.dpsg-bommern.de\/blog\/","logo":{"@type":"ImageObject","inLanguage":"de","@id":"https:\/\/www.dpsg-bommern.de\/blog\/#\/schema\/logo\/image\/","url":"","contentUrl":"","caption":"DPSG Stamm Herz-Jesu Witten-Bommern"},"image":{"@id":"https:\/\/www.dpsg-bommern.de\/blog\/#\/schema\/logo\/image\/"},"sameAs":["https:\/\/www.facebook.com\/dpsgwittenbommern","https:\/\/x.com\/dpsgBommern"]}]}},"_links":{"self":[{"href":"https:\/\/www.dpsg-bommern.de\/blog\/wp-json\/wp\/v2\/pages\/37","targetHints":{"allow":["GET"]}}],"collection":[{"href":"https:\/\/www.dpsg-bommern.de\/blog\/wp-json\/wp\/v2\/pages"}],"about":[{"href":"https:\/\/www.dpsg-bommern.de\/blog\/wp-json\/wp\/v2\/types\/page"}],"author":[{"embeddable":true,"href":"https:\/\/www.dpsg-bommern.de\/blog\/wp-json\/wp\/v2\/users\/4"}],"replies":[{"embeddable":true,"href":"https:\/\/www.dpsg-bommern.de\/blog\/wp-json\/wp\/v2\/comments?post=37"}],"version-history":[{"count":27,"href":"https:\/\/www.dpsg-bommern.de\/blog\/wp-json\/wp\/v2\/pages\/37\/revisions"}],"predecessor-version":[{"id":2550,"href":"https:\/\/www.dpsg-bommern.de\/blog\/wp-json\/wp\/v2\/pages\/37\/revisions\/2550"}],"wp:attachment":[{"href":"https:\/\/www.dpsg-bommern.de\/blog\/wp-json\/wp\/v2\/media?parent=37"}],"curies":[{"name":"wp","href":"https:\/\/api.w.org\/{rel}","templated":true}]}}