{"id":28,"date":"2014-05-06T21:25:27","date_gmt":"2014-05-06T19:25:27","guid":{"rendered":"http:\/\/dpsg-bommern.de\/blog\/?page_id=28"},"modified":"2023-11-26T14:19:02","modified_gmt":"2023-11-26T12:19:02","slug":"rover","status":"publish","type":"page","link":"https:\/\/www.dpsg-bommern.de\/blog\/stufen\/rover\/","title":{"rendered":"Rover"},"content":{"rendered":"<p>Die \u00e4ltesten Pfadfinder hei\u00dfen Rover. Zu ihnen geh\u00f6rt man ab 16 Jahren. Die Rover unseres Stammes treffen sich donnerstags von 18.30 bis 20.00 Uhr.<\/p>\n","protected":false},"excerpt":{"rendered":"<p>Die \u00e4ltesten Pfadfinder hei\u00dfen Rover. Zu ihnen geh\u00f6rt man ab 16 Jahren. Die Rover unseres Stammes treffen sich donnerstags von 18.30 bis 20.00 Uhr.<\/p>\n","protected":false},"author":4,"featured_media":0,"parent":19,"menu_order":3,"comment_status":"open","ping_status":"open","template":"page-templates\/page-with-blog.php","meta":{"ngg_post_thumbnail":0,"footnotes":""},"class_list":["post-28","page","type-page","status-publish","hentry"],"yoast_head":"<!-- This site is optimized with the Yoast SEO plugin v27.4 - https:\/\/yoast.com\/product\/yoast-seo-wordpress\/ -->\n<title>Rover &#171; DPSG Stamm Herz-Jesu Witten-Bommern<\/title>\n<meta name=\"robots\" content=\"index, follow, max-snippet:-1, max-image-preview:large, max-video-preview:-1\" \/>\n<link rel=\"canonical\" href=\"https:\/\/www.dpsg-bommern.de\/blog\/stufen\/rover\/\" \/>\n<meta property=\"og:locale\" content=\"de_DE\" \/>\n<meta property=\"og:type\" content=\"article\" \/>\n<meta property=\"og:title\" content=\"Rover &#171; DPSG Stamm Herz-Jesu Witten-Bommern\" \/>\n<meta property=\"og:description\" content=\"Die \u00e4ltesten Pfadfinder hei\u00dfen Rover. Zu ihnen geh\u00f6rt man ab 16 Jahren. Die Rover unseres Stammes treffen sich donnerstags von 18.30 bis 20.00 Uhr.\" \/>\n<meta property=\"og:url\" content=\"https:\/\/www.dpsg-bommern.de\/blog\/stufen\/rover\/\" \/>\n<meta property=\"og:site_name\" content=\"DPSG Stamm Herz-Jesu Witten-Bommern\" \/>\n<meta property=\"article:publisher\" content=\"https:\/\/www.facebook.com\/dpsgwittenbommern\" \/>\n<meta property=\"article:modified_time\" content=\"2023-11-26T12:19:02+00:00\" \/>\n<meta name=\"twitter:label1\" content=\"Gesch\u00e4tzte Lesezeit\" \/>\n\t<meta name=\"twitter:data1\" content=\"1\u00a0Minute\" \/>\n<script type=\"application\/ld+json\" class=\"yoast-schema-graph\">{\"@context\":\"https:\\\/\\\/schema.org\",\"@graph\":[{\"@type\":\"WebPage\",\"@id\":\"https:\\\/\\\/www.dpsg-bommern.de\\\/blog\\\/stufen\\\/rover\\\/\",\"url\":\"https:\\\/\\\/www.dpsg-bommern.de\\\/blog\\\/stufen\\\/rover\\\/\",\"name\":\"Rover &#171; DPSG Stamm Herz-Jesu Witten-Bommern\",\"isPartOf\":{\"@id\":\"https:\\\/\\\/www.dpsg-bommern.de\\\/blog\\\/#website\"},\"datePublished\":\"2014-05-06T19:25:27+00:00\",\"dateModified\":\"2023-11-26T12:19:02+00:00\",\"breadcrumb\":{\"@id\":\"https:\\\/\\\/www.dpsg-bommern.de\\\/blog\\\/stufen\\\/rover\\\/#breadcrumb\"},\"inLanguage\":\"de\",\"potentialAction\":[{\"@type\":\"ReadAction\",\"target\":[\"https:\\\/\\\/www.dpsg-bommern.de\\\/blog\\\/stufen\\\/rover\\\/\"]}]},{\"@type\":\"BreadcrumbList\",\"@id\":\"https:\\\/\\\/www.dpsg-bommern.de\\\/blog\\\/stufen\\\/rover\\\/#breadcrumb\",\"itemListElement\":[{\"@type\":\"ListItem\",\"position\":1,\"name\":\"Home\",\"item\":\"https:\\\/\\\/www.dpsg-bommern.de\\\/blog\\\/\"},{\"@type\":\"ListItem\",\"position\":2,\"name\":\"Stufen\",\"item\":\"https:\\\/\\\/www.dpsg-bommern.de\\\/blog\\\/stufen\\\/\"},{\"@type\":\"ListItem\",\"position\":3,\"name\":\"Rover\"}]},{\"@type\":\"WebSite\",\"@id\":\"https:\\\/\\\/www.dpsg-bommern.de\\\/blog\\\/#website\",\"url\":\"https:\\\/\\\/www.dpsg-bommern.de\\\/blog\\\/\",\"name\":\"DPSG Stamm Herz-Jesu Witten-Bommern\",\"description\":\"Pfadfinden: Abenteuer und mehr\",\"publisher\":{\"@id\":\"https:\\\/\\\/www.dpsg-bommern.de\\\/blog\\\/#organization\"},\"potentialAction\":[{\"@type\":\"SearchAction\",\"target\":{\"@type\":\"EntryPoint\",\"urlTemplate\":\"https:\\\/\\\/www.dpsg-bommern.de\\\/blog\\\/?s={search_term_string}\"},\"query-input\":{\"@type\":\"PropertyValueSpecification\",\"valueRequired\":true,\"valueName\":\"search_term_string\"}}],\"inLanguage\":\"de\"},{\"@type\":\"Organization\",\"@id\":\"https:\\\/\\\/www.dpsg-bommern.de\\\/blog\\\/#organization\",\"name\":\"DPSG Stamm Herz-Jesu Witten-Bommern\",\"url\":\"https:\\\/\\\/www.dpsg-bommern.de\\\/blog\\\/\",\"logo\":{\"@type\":\"ImageObject\",\"inLanguage\":\"de\",\"@id\":\"https:\\\/\\\/www.dpsg-bommern.de\\\/blog\\\/#\\\/schema\\\/logo\\\/image\\\/\",\"url\":\"\",\"contentUrl\":\"\",\"caption\":\"DPSG Stamm Herz-Jesu Witten-Bommern\"},\"image\":{\"@id\":\"https:\\\/\\\/www.dpsg-bommern.de\\\/blog\\\/#\\\/schema\\\/logo\\\/image\\\/\"},\"sameAs\":[\"https:\\\/\\\/www.facebook.com\\\/dpsgwittenbommern\",\"https:\\\/\\\/x.com\\\/dpsgBommern\"]}]}<\/script>\n<!-- \/ Yoast SEO plugin. -->","yoast_head_json":{"title":"Rover &#171; DPSG Stamm Herz-Jesu Witten-Bommern","robots":{"index":"index","follow":"follow","max-snippet":"max-snippet:-1","max-image-preview":"max-image-preview:large","max-video-preview":"max-video-preview:-1"},"canonical":"https:\/\/www.dpsg-bommern.de\/blog\/stufen\/rover\/","og_locale":"de_DE","og_type":"article","og_title":"Rover &#171; DPSG Stamm Herz-Jesu Witten-Bommern","og_description":"Die \u00e4ltesten Pfadfinder hei\u00dfen Rover. Zu ihnen geh\u00f6rt man ab 16 Jahren. Die Rover unseres Stammes treffen sich donnerstags von 18.30 bis 20.00 Uhr.","og_url":"https:\/\/www.dpsg-bommern.de\/blog\/stufen\/rover\/","og_site_name":"DPSG Stamm Herz-Jesu Witten-Bommern","article_publisher":"https:\/\/www.facebook.com\/dpsgwittenbommern","article_modified_time":"2023-11-26T12:19:02+00:00","twitter_misc":{"Gesch\u00e4tzte Lesezeit":"1\u00a0Minute"},"schema":{"@context":"https:\/\/schema.org","@graph":[{"@type":"WebPage","@id":"https:\/\/www.dpsg-bommern.de\/blog\/stufen\/rover\/","url":"https:\/\/www.dpsg-bommern.de\/blog\/stufen\/rover\/","name":"Rover &#171; DPSG Stamm Herz-Jesu Witten-Bommern","isPartOf":{"@id":"https:\/\/www.dpsg-bommern.de\/blog\/#website"},"datePublished":"2014-05-06T19:25:27+00:00","dateModified":"2023-11-26T12:19:02+00:00","breadcrumb":{"@id":"https:\/\/www.dpsg-bommern.de\/blog\/stufen\/rover\/#breadcrumb"},"inLanguage":"de","potentialAction":[{"@type":"ReadAction","target":["https:\/\/www.dpsg-bommern.de\/blog\/stufen\/rover\/"]}]},{"@type":"BreadcrumbList","@id":"https:\/\/www.dpsg-bommern.de\/blog\/stufen\/rover\/#breadcrumb","itemListElement":[{"@type":"ListItem","position":1,"name":"Home","item":"https:\/\/www.dpsg-bommern.de\/blog\/"},{"@type":"ListItem","position":2,"name":"Stufen","item":"https:\/\/www.dpsg-bommern.de\/blog\/stufen\/"},{"@type":"ListItem","position":3,"name":"Rover"}]},{"@type":"WebSite","@id":"https:\/\/www.dpsg-bommern.de\/blog\/#website","url":"https:\/\/www.dpsg-bommern.de\/blog\/","name":"DPSG Stamm Herz-Jesu Witten-Bommern","description":"Pfadfinden: Abenteuer und mehr","publisher":{"@id":"https:\/\/www.dpsg-bommern.de\/blog\/#organization"},"potentialAction":[{"@type":"SearchAction","target":{"@type":"EntryPoint","urlTemplate":"https:\/\/www.dpsg-bommern.de\/blog\/?s={search_term_string}"},"query-input":{"@type":"PropertyValueSpecification","valueRequired":true,"valueName":"search_term_string"}}],"inLanguage":"de"},{"@type":"Organization","@id":"https:\/\/www.dpsg-bommern.de\/blog\/#organization","name":"DPSG Stamm Herz-Jesu Witten-Bommern","url":"https:\/\/www.dpsg-bommern.de\/blog\/","logo":{"@type":"ImageObject","inLanguage":"de","@id":"https:\/\/www.dpsg-bommern.de\/blog\/#\/schema\/logo\/image\/","url":"","contentUrl":"","caption":"DPSG Stamm Herz-Jesu Witten-Bommern"},"image":{"@id":"https:\/\/www.dpsg-bommern.de\/blog\/#\/schema\/logo\/image\/"},"sameAs":["https:\/\/www.facebook.com\/dpsgwittenbommern","https:\/\/x.com\/dpsgBommern"]}]}},"_links":{"self":[{"href":"https:\/\/www.dpsg-bommern.de\/blog\/wp-json\/wp\/v2\/pages\/28","targetHints":{"allow":["GET"]}}],"collection":[{"href":"https:\/\/www.dpsg-bommern.de\/blog\/wp-json\/wp\/v2\/pages"}],"about":[{"href":"https:\/\/www.dpsg-bommern.de\/blog\/wp-json\/wp\/v2\/types\/page"}],"author":[{"embeddable":true,"href":"https:\/\/www.dpsg-bommern.de\/blog\/wp-json\/wp\/v2\/users\/4"}],"replies":[{"embeddable":true,"href":"https:\/\/www.dpsg-bommern.de\/blog\/wp-json\/wp\/v2\/comments?post=28"}],"version-history":[{"count":4,"href":"https:\/\/www.dpsg-bommern.de\/blog\/wp-json\/wp\/v2\/pages\/28\/revisions"}],"predecessor-version":[{"id":2519,"href":"https:\/\/www.dpsg-bommern.de\/blog\/wp-json\/wp\/v2\/pages\/28\/revisions\/2519"}],"up":[{"embeddable":true,"href":"https:\/\/www.dpsg-bommern.de\/blog\/wp-json\/wp\/v2\/pages\/19"}],"wp:attachment":[{"href":"https:\/\/www.dpsg-bommern.de\/blog\/wp-json\/wp\/v2\/media?parent=28"}],"curies":[{"name":"wp","href":"https:\/\/api.w.org\/{rel}","templated":true}]}}