{"id":2130,"date":"2015-12-06T14:43:05","date_gmt":"2015-12-06T12:43:05","guid":{"rendered":"http:\/\/www.dpsg-bommern.de\/blog\/sola-2015-tag-8\/"},"modified":"2015-12-20T23:42:06","modified_gmt":"2015-12-20T21:42:06","slug":"sola-2015-tag-8","status":"publish","type":"page","link":"https:\/\/www.dpsg-bommern.de\/blog\/sola-2015-tag-8\/","title":{"rendered":"SoLa 2015 &#8211; Tag 8"},"content":{"rendered":"<p>Die Gruppen kam vom Haijk zur\u00fcck und es war Zeit f\u00fcr Programm in den Stufen. Die W\u00f6lflinge bauten zum Beispiel mit Bambus und Gummib\u00e4ndern. Abends nahmen wir am internationalen Lagerfeuer teil.<\/p>\n<p class=\"themeform\"><a title=\"SoLa 2015 nachgereicht: Fotos aus Baarn\" href=\"\/blog\/fotos-sola-2015-baarn\/\"><input type=\"submit\" value=\"Zur\u00fcck\" \/><\/a><\/p>\nngg_shortcode_0_placeholder\n","protected":false},"excerpt":{"rendered":"<p>Die Gruppen kam vom Haijk zur\u00fcck und es war Zeit f\u00fcr Programm in den Stufen. Die W\u00f6lflinge bauten zum Beispiel mit Bambus und Gummib\u00e4ndern. Abends nahmen wir am internationalen Lagerfeuer teil.<\/p>\n","protected":false},"author":4,"featured_media":0,"parent":0,"menu_order":0,"comment_status":"closed","ping_status":"closed","template":"","meta":{"ngg_post_thumbnail":0,"footnotes":""},"class_list":["post-2130","page","type-page","status-publish","hentry"],"yoast_head":"<!-- This site is optimized with the Yoast SEO plugin v27.4 - https:\/\/yoast.com\/product\/yoast-seo-wordpress\/ -->\n<title>SoLa 2015 - Tag 8 &#171; DPSG Stamm Herz-Jesu Witten-Bommern<\/title>\n<meta name=\"robots\" content=\"index, follow, max-snippet:-1, max-image-preview:large, max-video-preview:-1\" \/>\n<link rel=\"canonical\" href=\"https:\/\/www.dpsg-bommern.de\/blog\/sola-2015-tag-8\/\" \/>\n<meta property=\"og:locale\" content=\"de_DE\" \/>\n<meta property=\"og:type\" content=\"article\" \/>\n<meta property=\"og:title\" content=\"SoLa 2015 - Tag 8 &#171; DPSG Stamm Herz-Jesu Witten-Bommern\" \/>\n<meta property=\"og:description\" content=\"Die Gruppen kam vom Haijk zur\u00fcck und es war Zeit f\u00fcr Programm in den Stufen. Die W\u00f6lflinge bauten zum Beispiel mit Bambus und Gummib\u00e4ndern. Abends nahmen wir am internationalen Lagerfeuer teil.\" \/>\n<meta property=\"og:url\" content=\"https:\/\/www.dpsg-bommern.de\/blog\/sola-2015-tag-8\/\" \/>\n<meta property=\"og:site_name\" content=\"DPSG Stamm Herz-Jesu Witten-Bommern\" \/>\n<meta property=\"article:publisher\" content=\"https:\/\/www.facebook.com\/dpsgwittenbommern\" \/>\n<meta property=\"article:modified_time\" content=\"2015-12-20T21:42:06+00:00\" \/>\n<script type=\"application\/ld+json\" class=\"yoast-schema-graph\">{\"@context\":\"https:\\\/\\\/schema.org\",\"@graph\":[{\"@type\":\"WebPage\",\"@id\":\"https:\\\/\\\/www.dpsg-bommern.de\\\/blog\\\/sola-2015-tag-8\\\/\",\"url\":\"https:\\\/\\\/www.dpsg-bommern.de\\\/blog\\\/sola-2015-tag-8\\\/\",\"name\":\"SoLa 2015 - Tag 8 &#171; DPSG Stamm Herz-Jesu Witten-Bommern\",\"isPartOf\":{\"@id\":\"https:\\\/\\\/www.dpsg-bommern.de\\\/blog\\\/#website\"},\"datePublished\":\"2015-12-06T12:43:05+00:00\",\"dateModified\":\"2015-12-20T21:42:06+00:00\",\"breadcrumb\":{\"@id\":\"https:\\\/\\\/www.dpsg-bommern.de\\\/blog\\\/sola-2015-tag-8\\\/#breadcrumb\"},\"inLanguage\":\"de\",\"potentialAction\":[{\"@type\":\"ReadAction\",\"target\":[\"https:\\\/\\\/www.dpsg-bommern.de\\\/blog\\\/sola-2015-tag-8\\\/\"]}]},{\"@type\":\"BreadcrumbList\",\"@id\":\"https:\\\/\\\/www.dpsg-bommern.de\\\/blog\\\/sola-2015-tag-8\\\/#breadcrumb\",\"itemListElement\":[{\"@type\":\"ListItem\",\"position\":1,\"name\":\"Home\",\"item\":\"https:\\\/\\\/www.dpsg-bommern.de\\\/blog\\\/\"},{\"@type\":\"ListItem\",\"position\":2,\"name\":\"SoLa 2015 &#8211; Tag 8\"}]},{\"@type\":\"WebSite\",\"@id\":\"https:\\\/\\\/www.dpsg-bommern.de\\\/blog\\\/#website\",\"url\":\"https:\\\/\\\/www.dpsg-bommern.de\\\/blog\\\/\",\"name\":\"DPSG Stamm Herz-Jesu Witten-Bommern\",\"description\":\"Pfadfinden: Abenteuer und mehr\",\"publisher\":{\"@id\":\"https:\\\/\\\/www.dpsg-bommern.de\\\/blog\\\/#organization\"},\"potentialAction\":[{\"@type\":\"SearchAction\",\"target\":{\"@type\":\"EntryPoint\",\"urlTemplate\":\"https:\\\/\\\/www.dpsg-bommern.de\\\/blog\\\/?s={search_term_string}\"},\"query-input\":{\"@type\":\"PropertyValueSpecification\",\"valueRequired\":true,\"valueName\":\"search_term_string\"}}],\"inLanguage\":\"de\"},{\"@type\":\"Organization\",\"@id\":\"https:\\\/\\\/www.dpsg-bommern.de\\\/blog\\\/#organization\",\"name\":\"DPSG Stamm Herz-Jesu Witten-Bommern\",\"url\":\"https:\\\/\\\/www.dpsg-bommern.de\\\/blog\\\/\",\"logo\":{\"@type\":\"ImageObject\",\"inLanguage\":\"de\",\"@id\":\"https:\\\/\\\/www.dpsg-bommern.de\\\/blog\\\/#\\\/schema\\\/logo\\\/image\\\/\",\"url\":\"\",\"contentUrl\":\"\",\"caption\":\"DPSG Stamm Herz-Jesu Witten-Bommern\"},\"image\":{\"@id\":\"https:\\\/\\\/www.dpsg-bommern.de\\\/blog\\\/#\\\/schema\\\/logo\\\/image\\\/\"},\"sameAs\":[\"https:\\\/\\\/www.facebook.com\\\/dpsgwittenbommern\",\"https:\\\/\\\/x.com\\\/dpsgBommern\"]}]}<\/script>\n<!-- \/ Yoast SEO plugin. -->","yoast_head_json":{"title":"SoLa 2015 - Tag 8 &#171; DPSG Stamm Herz-Jesu Witten-Bommern","robots":{"index":"index","follow":"follow","max-snippet":"max-snippet:-1","max-image-preview":"max-image-preview:large","max-video-preview":"max-video-preview:-1"},"canonical":"https:\/\/www.dpsg-bommern.de\/blog\/sola-2015-tag-8\/","og_locale":"de_DE","og_type":"article","og_title":"SoLa 2015 - Tag 8 &#171; DPSG Stamm Herz-Jesu Witten-Bommern","og_description":"Die Gruppen kam vom Haijk zur\u00fcck und es war Zeit f\u00fcr Programm in den Stufen. Die W\u00f6lflinge bauten zum Beispiel mit Bambus und Gummib\u00e4ndern. Abends nahmen wir am internationalen Lagerfeuer teil.","og_url":"https:\/\/www.dpsg-bommern.de\/blog\/sola-2015-tag-8\/","og_site_name":"DPSG Stamm Herz-Jesu Witten-Bommern","article_publisher":"https:\/\/www.facebook.com\/dpsgwittenbommern","article_modified_time":"2015-12-20T21:42:06+00:00","schema":{"@context":"https:\/\/schema.org","@graph":[{"@type":"WebPage","@id":"https:\/\/www.dpsg-bommern.de\/blog\/sola-2015-tag-8\/","url":"https:\/\/www.dpsg-bommern.de\/blog\/sola-2015-tag-8\/","name":"SoLa 2015 - Tag 8 &#171; DPSG Stamm Herz-Jesu Witten-Bommern","isPartOf":{"@id":"https:\/\/www.dpsg-bommern.de\/blog\/#website"},"datePublished":"2015-12-06T12:43:05+00:00","dateModified":"2015-12-20T21:42:06+00:00","breadcrumb":{"@id":"https:\/\/www.dpsg-bommern.de\/blog\/sola-2015-tag-8\/#breadcrumb"},"inLanguage":"de","potentialAction":[{"@type":"ReadAction","target":["https:\/\/www.dpsg-bommern.de\/blog\/sola-2015-tag-8\/"]}]},{"@type":"BreadcrumbList","@id":"https:\/\/www.dpsg-bommern.de\/blog\/sola-2015-tag-8\/#breadcrumb","itemListElement":[{"@type":"ListItem","position":1,"name":"Home","item":"https:\/\/www.dpsg-bommern.de\/blog\/"},{"@type":"ListItem","position":2,"name":"SoLa 2015 &#8211; Tag 8"}]},{"@type":"WebSite","@id":"https:\/\/www.dpsg-bommern.de\/blog\/#website","url":"https:\/\/www.dpsg-bommern.de\/blog\/","name":"DPSG Stamm Herz-Jesu Witten-Bommern","description":"Pfadfinden: Abenteuer und mehr","publisher":{"@id":"https:\/\/www.dpsg-bommern.de\/blog\/#organization"},"potentialAction":[{"@type":"SearchAction","target":{"@type":"EntryPoint","urlTemplate":"https:\/\/www.dpsg-bommern.de\/blog\/?s={search_term_string}"},"query-input":{"@type":"PropertyValueSpecification","valueRequired":true,"valueName":"search_term_string"}}],"inLanguage":"de"},{"@type":"Organization","@id":"https:\/\/www.dpsg-bommern.de\/blog\/#organization","name":"DPSG Stamm Herz-Jesu Witten-Bommern","url":"https:\/\/www.dpsg-bommern.de\/blog\/","logo":{"@type":"ImageObject","inLanguage":"de","@id":"https:\/\/www.dpsg-bommern.de\/blog\/#\/schema\/logo\/image\/","url":"","contentUrl":"","caption":"DPSG Stamm Herz-Jesu Witten-Bommern"},"image":{"@id":"https:\/\/www.dpsg-bommern.de\/blog\/#\/schema\/logo\/image\/"},"sameAs":["https:\/\/www.facebook.com\/dpsgwittenbommern","https:\/\/x.com\/dpsgBommern"]}]}},"_links":{"self":[{"href":"https:\/\/www.dpsg-bommern.de\/blog\/wp-json\/wp\/v2\/pages\/2130","targetHints":{"allow":["GET"]}}],"collection":[{"href":"https:\/\/www.dpsg-bommern.de\/blog\/wp-json\/wp\/v2\/pages"}],"about":[{"href":"https:\/\/www.dpsg-bommern.de\/blog\/wp-json\/wp\/v2\/types\/page"}],"author":[{"embeddable":true,"href":"https:\/\/www.dpsg-bommern.de\/blog\/wp-json\/wp\/v2\/users\/4"}],"replies":[{"embeddable":true,"href":"https:\/\/www.dpsg-bommern.de\/blog\/wp-json\/wp\/v2\/comments?post=2130"}],"version-history":[{"count":3,"href":"https:\/\/www.dpsg-bommern.de\/blog\/wp-json\/wp\/v2\/pages\/2130\/revisions"}],"predecessor-version":[{"id":2160,"href":"https:\/\/www.dpsg-bommern.de\/blog\/wp-json\/wp\/v2\/pages\/2130\/revisions\/2160"}],"wp:attachment":[{"href":"https:\/\/www.dpsg-bommern.de\/blog\/wp-json\/wp\/v2\/media?parent=2130"}],"curies":[{"name":"wp","href":"https:\/\/api.w.org\/{rel}","templated":true}]}}